{"id":3481,"date":"2017-06-24T22:55:54","date_gmt":"2017-06-24T20:55:54","guid":{"rendered":"http:\/\/fotografie-pg.de\/cms\/?page_id=3481"},"modified":"2021-12-16T18:11:09","modified_gmt":"2021-12-16T17:11:09","slug":"kontakt19","status":"publish","type":"page","link":"https:\/\/fotografie-pg.de\/cms\/kontakt19\/","title":{"rendered":"Kontakt"},"content":{"rendered":"\n<div style=\"height:50px\" aria-hidden=\"true\" class=\"wp-block-spacer\"><\/div>\n\n\n\n<ul><li><strong>Fragen, Meinungen oder einfach ein Gru\u00df?<\/strong><\/li><li><strong>Lust auf ein Shooting?<\/strong> <em><a href=\"https:\/\/fotografie-pg.de\/cms\/shooting-info\/\">(Info)<\/a><\/em><\/li><li><strong>Ein Bild f\u00fcr die Wand?<\/strong> <em><a href=\"https:\/\/fotografie-pg.de\/cms\/drucke-lizenzen\/\">(Info)<\/a><\/em><\/li><\/ul>\n\n\n\n<p><strong>Die schnelle M\u00f6glichkeit, mir eine Nachricht zu schicken &#8211; ich freu&#8216; mich drauf :-)<br \/><em>(alternativ: E-Mail an <a href=\"&#109;&#x61;i&#x6c;t&#111;&#x3a;&#112;&#x67;&#64;&#102;&#x6f;&#116;&#x6f;g&#x72;&#x61;&#102;&#x69;e&#x2d;p&#103;&#x2e;&#100;&#x65;\" rel=\"nofollow\">&#x70;&#103;&#64;&#x66;&#111;t&#x6f;&#103;r&#x61;&#102;i&#x65;&#45;p&#x67;&#46;d&#x65;<\/a>)<\/em><\/strong><\/p>\n\n\n\n<div style=\"padding-left: 50px; width: 60%;\">\n<div class=\"wpcf7 no-js\" id=\"wpcf7-f3491-o1\" lang=\"de-DE\" dir=\"ltr\">\n<div class=\"screen-reader-response\"><p role=\"status\" aria-live=\"polite\" aria-atomic=\"true\"><\/p> <ul><\/ul><\/div>\n<form action=\"\/cms\/wp-json\/wp\/v2\/pages\/3481#wpcf7-f3491-o1\" method=\"post\" class=\"wpcf7-form init\" aria-label=\"Kontaktformular\" novalidate=\"novalidate\" data-status=\"init\">\n<div style=\"display: none;\">\n<input type=\"hidden\" name=\"_wpcf7\" value=\"3491\" \/>\n<input type=\"hidden\" name=\"_wpcf7_version\" value=\"5.9.8\" \/>\n<input type=\"hidden\" name=\"_wpcf7_locale\" value=\"de_DE\" \/>\n<input type=\"hidden\" name=\"_wpcf7_unit_tag\" value=\"wpcf7-f3491-o1\" \/>\n<input type=\"hidden\" name=\"_wpcf7_container_post\" value=\"0\" \/>\n<input type=\"hidden\" name=\"_wpcf7_posted_data_hash\" value=\"\" \/>\n<\/div>\n<p><label> Name (erforderlich)<br \/>\n<span class=\"wpcf7-form-control-wrap\" data-name=\"your-name\"><input size=\"40\" maxlength=\"400\" class=\"wpcf7-form-control wpcf7-text wpcf7-validates-as-required\" aria-required=\"true\" aria-invalid=\"false\" value=\"\" type=\"text\" name=\"your-name\" \/><\/span> <\/label>\n<\/p>\n<p><label> E-Mail (erforderlich)<br \/>\n<span class=\"wpcf7-form-control-wrap\" data-name=\"your-email\"><input size=\"40\" maxlength=\"400\" class=\"wpcf7-form-control wpcf7-email wpcf7-validates-as-required wpcf7-text wpcf7-validates-as-email\" aria-required=\"true\" aria-invalid=\"false\" value=\"\" type=\"email\" name=\"your-email\" \/><\/span> <\/label>\n<\/p>\n<p><label> Website (falls vorhanden)<br \/>\n<span class=\"wpcf7-form-control-wrap\" data-name=\"url-667\"><input size=\"40\" maxlength=\"400\" class=\"wpcf7-form-control wpcf7-url wpcf7-text wpcf7-validates-as-url\" aria-invalid=\"false\" value=\"\" type=\"url\" name=\"url-667\" \/><\/span> <\/label>\n<\/p>\n<p><label> Nachricht<br \/>\n<span class=\"wpcf7-form-control-wrap\" data-name=\"your-message\"><textarea cols=\"40\" rows=\"10\" maxlength=\"2000\" class=\"wpcf7-form-control wpcf7-textarea\" aria-invalid=\"false\" name=\"your-message\"><\/textarea><\/span> <\/label><br \/>\n<label> Bitte diese Frage beantworten (Spamschutz):<br \/>\n<b><span class=\"wpcf7-form-control-wrap\" data-name=\"quiz-944\"><label><span class=\"wpcf7-quiz-label\">Auf den Sonntag folgt der?<\/span> <input size=\"40\" class=\"wpcf7-form-control wpcf7-quiz\" autocomplete=\"off\" aria-required=\"true\" aria-invalid=\"false\" type=\"text\" name=\"quiz-944\" \/><\/label><input type=\"hidden\" name=\"_wpcf7_quiz_answer_quiz-944\" value=\"4b0ef4cc36a9d10afa8f0eccffc2bf35\" \/><\/span><\/b><\/label>\n<\/p>\n<p><input class=\"wpcf7-form-control wpcf7-submit has-spinner\" type=\"submit\" value=\"SENDEN\" \/>\n<\/p><div class=\"wpcf7-response-output\" aria-hidden=\"true\"><\/div>\n<\/form>\n<\/div>\n<\/div>\n\n\n\n<div style=\"height:100px\" aria-hidden=\"true\" class=\"wp-block-spacer\"><\/div>\n\n\n\n<p><\/p>\n","protected":false},"excerpt":{"rendered":"<p>Fragen, Meinungen oder einfach ein Gru\u00df? Lust auf ein Shooting? (Info) Ein Bild f\u00fcr die Wand? (Info) Die schnelle M\u00f6glichkeit, mir eine Nachricht zu schicken &#8211; ich freu&#8216; mich drauf :-)(alternativ: E-Mail an &#112;&#x67;&#64;&#x66;&#x6f;&#116;&#x6f;g&#114;&#x61;&#102;&#x69;e&#45;&#x70;g&#x2e;d&#101;)<\/p>\n","protected":false},"author":2,"featured_media":0,"parent":0,"menu_order":0,"comment_status":"closed","ping_status":"closed","template":"","meta":{"_uag_custom_page_level_css":"","site-sidebar-layout":"default","site-content-layout":"","ast-site-content-layout":"default","site-content-style":"default","site-sidebar-style":"default","ast-global-header-display":"","ast-banner-title-visibility":"","ast-main-header-display":"","ast-hfb-above-header-display":"","ast-hfb-below-header-display":"","ast-hfb-mobile-header-display":"","site-post-title":"","ast-breadcrumbs-content":"","ast-featured-img":"","footer-sml-layout":"","ast-disable-related-posts":"","theme-transparent-header-meta":"","adv-header-id-meta":"","stick-header-meta":"","header-above-stick-meta":"","header-main-stick-meta":"","header-below-stick-meta":"","astra-migrate-meta-layouts":"default","ast-page-background-enabled":"default","ast-page-background-meta":{"desktop":{"background-color":"","background-image":"","background-repeat":"repeat","background-position":"center center","background-size":"auto","background-attachment":"scroll","background-type":"","background-media":"","overlay-type":"","overlay-color":"","overlay-opacity":"","overlay-gradient":""},"tablet":{"background-color":"","background-image":"","background-repeat":"repeat","background-position":"center center","background-size":"auto","background-attachment":"scroll","background-type":"","background-media":"","overlay-type":"","overlay-color":"","overlay-opacity":"","overlay-gradient":""},"mobile":{"background-color":"","background-image":"","background-repeat":"repeat","background-position":"center center","background-size":"auto","background-attachment":"scroll","background-type":"","background-media":"","overlay-type":"","overlay-color":"","overlay-opacity":"","overlay-gradient":""}},"ast-content-background-meta":{"desktop":{"background-color":"var(--ast-global-color-5)","background-image":"","background-repeat":"repeat","background-position":"center center","background-size":"auto","background-attachment":"scroll","background-type":"","background-media":"","overlay-type":"","overlay-color":"","overlay-opacity":"","overlay-gradient":""},"tablet":{"background-color":"var(--ast-global-color-5)","background-image":"","background-repeat":"repeat","background-position":"center center","background-size":"auto","background-attachment":"scroll","background-type":"","background-media":"","overlay-type":"","overlay-color":"","overlay-opacity":"","overlay-gradient":""},"mobile":{"background-color":"var(--ast-global-color-5)","background-image":"","background-repeat":"repeat","background-position":"center center","background-size":"auto","background-attachment":"scroll","background-type":"","background-media":"","overlay-type":"","overlay-color":"","overlay-opacity":"","overlay-gradient":""}},"footnotes":""},"yoast_head":"<!-- This site is optimized with the Yoast SEO plugin v24.5 - https:\/\/yoast.com\/wordpress\/plugins\/seo\/ -->\n<title>Kontakt &#8211; fotografie - pg<\/title>\n<meta name=\"robots\" content=\"index, follow, max-snippet:-1, max-image-preview:large, max-video-preview:-1\" \/>\n<link rel=\"canonical\" href=\"https:\/\/fotografie-pg.de\/cms\/kontakt19\/\" \/>\n<meta property=\"og:locale\" content=\"de_DE\" \/>\n<meta property=\"og:type\" content=\"article\" \/>\n<meta property=\"og:title\" content=\"Kontakt &#8211; fotografie - pg\" \/>\n<meta property=\"og:description\" content=\"Fragen, Meinungen oder einfach ein Gru\u00df? Lust auf ein Shooting? (Info) Ein Bild f\u00fcr die Wand? (Info) Die schnelle M\u00f6glichkeit, mir eine Nachricht zu schicken &#8211; ich freu&#8216; mich drauf :-)(alternativ: E-Mail an pg&#064;&#102;&#111;&#116;&#111;&#x67;&#x72;&#x61;&#x66;&#x69;&#x65;&#x2d;pg&#046;&#100;&#101;)\" \/>\n<meta property=\"og:url\" content=\"https:\/\/fotografie-pg.de\/cms\/kontakt19\/\" \/>\n<meta property=\"og:site_name\" content=\"fotografie - pg\" \/>\n<meta property=\"article:publisher\" content=\"https:\/\/www.facebook.com\/petragertitschke\" \/>\n<meta property=\"article:modified_time\" content=\"2021-12-16T17:11:09+00:00\" \/>\n<meta name=\"twitter:label1\" content=\"Gesch\u00e4tzte Lesezeit\" \/>\n\t<meta name=\"twitter:data1\" content=\"1\u00a0Minute\" \/>\n<script type=\"application\/ld+json\" class=\"yoast-schema-graph\">{\"@context\":\"https:\/\/schema.org\",\"@graph\":[{\"@type\":\"WebPage\",\"@id\":\"https:\/\/fotografie-pg.de\/cms\/kontakt19\/\",\"url\":\"https:\/\/fotografie-pg.de\/cms\/kontakt19\/\",\"name\":\"Kontakt &#8211; fotografie - pg\",\"isPartOf\":{\"@id\":\"https:\/\/fotografie-pg.de\/cms\/#website\"},\"datePublished\":\"2017-06-24T20:55:54+00:00\",\"dateModified\":\"2021-12-16T17:11:09+00:00\",\"breadcrumb\":{\"@id\":\"https:\/\/fotografie-pg.de\/cms\/kontakt19\/#breadcrumb\"},\"inLanguage\":\"de\",\"potentialAction\":[{\"@type\":\"ReadAction\",\"target\":[\"https:\/\/fotografie-pg.de\/cms\/kontakt19\/\"]}]},{\"@type\":\"BreadcrumbList\",\"@id\":\"https:\/\/fotografie-pg.de\/cms\/kontakt19\/#breadcrumb\",\"itemListElement\":[{\"@type\":\"ListItem\",\"position\":1,\"name\":\"Home\",\"item\":\"https:\/\/fotografie-pg.de\/cms\/\"},{\"@type\":\"ListItem\",\"position\":2,\"name\":\"Kontakt\"}]},{\"@type\":\"WebSite\",\"@id\":\"https:\/\/fotografie-pg.de\/cms\/#website\",\"url\":\"https:\/\/fotografie-pg.de\/cms\/\",\"name\":\"fotografie - pg\",\"description\":\"Momente - Erinnerungen - Emotionen\",\"publisher\":{\"@id\":\"https:\/\/fotografie-pg.de\/cms\/#\/schema\/person\/3bfa8b4fdbe329cb32af3efc362fdece\"},\"potentialAction\":[{\"@type\":\"SearchAction\",\"target\":{\"@type\":\"EntryPoint\",\"urlTemplate\":\"https:\/\/fotografie-pg.de\/cms\/?s={search_term_string}\"},\"query-input\":{\"@type\":\"PropertyValueSpecification\",\"valueRequired\":true,\"valueName\":\"search_term_string\"}}],\"inLanguage\":\"de\"},{\"@type\":[\"Person\",\"Organization\"],\"@id\":\"https:\/\/fotografie-pg.de\/cms\/#\/schema\/person\/3bfa8b4fdbe329cb32af3efc362fdece\",\"name\":\"pETRA\",\"image\":{\"@type\":\"ImageObject\",\"inLanguage\":\"de\",\"@id\":\"https:\/\/fotografie-pg.de\/cms\/#\/schema\/person\/image\/\",\"url\":\"https:\/\/fotografie-pg.de\/cms\/wp-content\/uploads\/2017\/08\/cropped-cropped-logo-org-1.png\",\"contentUrl\":\"https:\/\/fotografie-pg.de\/cms\/wp-content\/uploads\/2017\/08\/cropped-cropped-logo-org-1.png\",\"width\":250,\"height\":250,\"caption\":\"pETRA\"},\"logo\":{\"@id\":\"https:\/\/fotografie-pg.de\/cms\/#\/schema\/person\/image\/\"},\"description\":\"- nicht ohne meine Kamera -\",\"sameAs\":[\"https:\/\/www.facebook.com\/petragertitschke\",\"https:\/\/www.instagram.com\/blue.maris\/\"]}]}<\/script>\n<!-- \/ Yoast SEO plugin. -->","yoast_head_json":{"title":"Kontakt &#8211; fotografie - pg","robots":{"index":"index","follow":"follow","max-snippet":"max-snippet:-1","max-image-preview":"max-image-preview:large","max-video-preview":"max-video-preview:-1"},"canonical":"https:\/\/fotografie-pg.de\/cms\/kontakt19\/","og_locale":"de_DE","og_type":"article","og_title":"Kontakt &#8211; fotografie - pg","og_description":"Fragen, Meinungen oder einfach ein Gru\u00df? Lust auf ein Shooting? (Info) Ein Bild f\u00fcr die Wand? (Info) Die schnelle M\u00f6glichkeit, mir eine Nachricht zu schicken &#8211; ich freu&#8216; mich drauf :-)(alternativ: E-Mail an pg&#64;&#102;&#111;&#116;&#111;&#x67;&#x72;&#x61;&#x66;&#x69;&#x65;&#x2d;pg&#46;&#100;&#101;)","og_url":"https:\/\/fotografie-pg.de\/cms\/kontakt19\/","og_site_name":"fotografie - pg","article_publisher":"https:\/\/www.facebook.com\/petragertitschke","article_modified_time":"2021-12-16T17:11:09+00:00","twitter_misc":{"Gesch\u00e4tzte Lesezeit":"1\u00a0Minute"},"schema":{"@context":"https:\/\/schema.org","@graph":[{"@type":"WebPage","@id":"https:\/\/fotografie-pg.de\/cms\/kontakt19\/","url":"https:\/\/fotografie-pg.de\/cms\/kontakt19\/","name":"Kontakt &#8211; fotografie - pg","isPartOf":{"@id":"https:\/\/fotografie-pg.de\/cms\/#website"},"datePublished":"2017-06-24T20:55:54+00:00","dateModified":"2021-12-16T17:11:09+00:00","breadcrumb":{"@id":"https:\/\/fotografie-pg.de\/cms\/kontakt19\/#breadcrumb"},"inLanguage":"de","potentialAction":[{"@type":"ReadAction","target":["https:\/\/fotografie-pg.de\/cms\/kontakt19\/"]}]},{"@type":"BreadcrumbList","@id":"https:\/\/fotografie-pg.de\/cms\/kontakt19\/#breadcrumb","itemListElement":[{"@type":"ListItem","position":1,"name":"Home","item":"https:\/\/fotografie-pg.de\/cms\/"},{"@type":"ListItem","position":2,"name":"Kontakt"}]},{"@type":"WebSite","@id":"https:\/\/fotografie-pg.de\/cms\/#website","url":"https:\/\/fotografie-pg.de\/cms\/","name":"fotografie - pg","description":"Momente - Erinnerungen - Emotionen","publisher":{"@id":"https:\/\/fotografie-pg.de\/cms\/#\/schema\/person\/3bfa8b4fdbe329cb32af3efc362fdece"},"potentialAction":[{"@type":"SearchAction","target":{"@type":"EntryPoint","urlTemplate":"https:\/\/fotografie-pg.de\/cms\/?s={search_term_string}"},"query-input":{"@type":"PropertyValueSpecification","valueRequired":true,"valueName":"search_term_string"}}],"inLanguage":"de"},{"@type":["Person","Organization"],"@id":"https:\/\/fotografie-pg.de\/cms\/#\/schema\/person\/3bfa8b4fdbe329cb32af3efc362fdece","name":"pETRA","image":{"@type":"ImageObject","inLanguage":"de","@id":"https:\/\/fotografie-pg.de\/cms\/#\/schema\/person\/image\/","url":"https:\/\/fotografie-pg.de\/cms\/wp-content\/uploads\/2017\/08\/cropped-cropped-logo-org-1.png","contentUrl":"https:\/\/fotografie-pg.de\/cms\/wp-content\/uploads\/2017\/08\/cropped-cropped-logo-org-1.png","width":250,"height":250,"caption":"pETRA"},"logo":{"@id":"https:\/\/fotografie-pg.de\/cms\/#\/schema\/person\/image\/"},"description":"- nicht ohne meine Kamera -","sameAs":["https:\/\/www.facebook.com\/petragertitschke","https:\/\/www.instagram.com\/blue.maris\/"]}]}},"uagb_featured_image_src":{"full":false,"thumbnail":false,"medium":false,"medium_large":false,"large":false,"1536x1536":false,"2048x2048":false},"uagb_author_info":{"display_name":"pETRA","author_link":"https:\/\/fotografie-pg.de\/cms\/author\/petraxa\/"},"uagb_comment_info":0,"uagb_excerpt":"Fragen, Meinungen oder einfach ein Gru\u00df? Lust auf ein Shooting? (Info) Ein Bild f\u00fcr die Wand? (Info) Die schnelle M\u00f6glichkeit, mir eine Nachricht zu schicken &#8211; ich freu&#8216; mich drauf :-)(alternativ: E-Mail an &#112;g&#64;f&#111;t&#x6f;g&#x72;a&#x66;i&#x65;-&#x70;g&#x2e;d&#x65;)","_links":{"self":[{"href":"https:\/\/fotografie-pg.de\/cms\/wp-json\/wp\/v2\/pages\/3481"}],"collection":[{"href":"https:\/\/fotografie-pg.de\/cms\/wp-json\/wp\/v2\/pages"}],"about":[{"href":"https:\/\/fotografie-pg.de\/cms\/wp-json\/wp\/v2\/types\/page"}],"author":[{"embeddable":true,"href":"https:\/\/fotografie-pg.de\/cms\/wp-json\/wp\/v2\/users\/2"}],"replies":[{"embeddable":true,"href":"https:\/\/fotografie-pg.de\/cms\/wp-json\/wp\/v2\/comments?post=3481"}],"version-history":[{"count":5,"href":"https:\/\/fotografie-pg.de\/cms\/wp-json\/wp\/v2\/pages\/3481\/revisions"}],"predecessor-version":[{"id":14331,"href":"https:\/\/fotografie-pg.de\/cms\/wp-json\/wp\/v2\/pages\/3481\/revisions\/14331"}],"wp:attachment":[{"href":"https:\/\/fotografie-pg.de\/cms\/wp-json\/wp\/v2\/media?parent=3481"}],"curies":[{"name":"wp","href":"https:\/\/api.w.org\/{rel}","templated":true}]}}